{"id":2327,"date":"2022-07-02T19:05:49","date_gmt":"2022-07-02T17:05:49","guid":{"rendered":"http:\/\/alternativescoutances.fr\/?page_id=2327"},"modified":"2023-02-28T08:19:00","modified_gmt":"2023-02-28T07:19:00","slug":"cr-cm-2022","status":"publish","type":"page","link":"http:\/\/alternativescoutances.fr\/index.php\/cr-cm-2022\/","title":{"rendered":"Comptes-rendus de 2022"},"content":{"rendered":"<p><span style=\"color: #ff9900;\"><strong>Surlign\u00e9es en jaune, nos interventions&#8230;<\/strong><\/span><\/p>\n<p><em>(Attention les documents sont parfois long \u00e0 t\u00e9l\u00e9charger)<\/em><\/p>\n<p>&nbsp;<\/p>\n<ul>\n<li><a href=\"https:\/\/drive.google.com\/file\/d\/1LIkmW3hlUVkT6xWUJ7i18FWVI86MQxYp\/view?usp=sharing\" target=\"_blank\" rel=\"noopener\">Compte-rendu du 15 d\u00e9cembre<\/a><\/li>\n<\/ul>\n<hr \/>\n<ul>\n<li><a href=\"https:\/\/drive.google.com\/file\/d\/1IoCgxVputA7WTXoTVeDijLq6RL8dtUCN\/view?usp=sharing\" target=\"_blank\" rel=\"noopener\">Compte-rendu du 17 novembre<\/a><\/li>\n<\/ul>\n<hr \/>\n<ul>\n<li><a href=\"https:\/\/drive.google.com\/file\/d\/1XfXl-OH3iWbTxVuQNDBx0ZgfZQGCVxfq\/view?usp=sharing\" target=\"_blank\" rel=\"noopener\">Compte-rendu du 20 octobre<\/a><\/li>\n<\/ul>\n<hr \/>\n<ul>\n<li><a href=\"https:\/\/drive.google.com\/file\/d\/1ROdP9ieQGrSrn0ibr91_rpMulbczQQUN\/view?usp=sharing\" target=\"_blank\" rel=\"noopener\">Compte-rendu du 15 septembre<\/a><\/li>\n<\/ul>\n<hr \/>\n<ul>\n<li><a href=\"https:\/\/drive.google.com\/file\/d\/1CgF4jyKhSYAKPkPE24eaPHS_4hJiEspW\/view?usp=sharing\" target=\"_blank\" rel=\"noopener\">Compte-rendu du 7 juillet<\/a><\/li>\n<\/ul>\n<hr \/>\n<ul>\n<li><a href=\"https:\/\/drive.google.com\/file\/d\/1k6VPXRthUZaTch1oKPdczX3tZ6gVYjsC\/view?usp=sharing\" target=\"_blank\" rel=\"noopener\">Compte-rendu du 16 juin<\/a><\/li>\n<\/ul>\n<hr \/>\n<ul>\n<li><a href=\"https:\/\/drive.google.com\/file\/d\/1L0EFY8jr4kXOIPtbUHcHr-Joj4c7TYVa\/view?usp=sharing\" target=\"_blank\" rel=\"noopener\">Compte-rendu du 19 mai<\/a><\/li>\n<\/ul>\n<hr \/>\n<ul>\n<li><a href=\"https:\/\/drive.google.com\/file\/d\/1MVU8jtQyYpTUoQAQYXKW_-lazt22z3sx\/view?usp=sharing\" target=\"_blank\" rel=\"noopener\">Compte-rendu du 28 avril<\/a><\/li>\n<\/ul>\n<hr \/>\n<ul>\n<li><a href=\"https:\/\/drive.google.com\/file\/d\/1mHBdW5Rt0XpyUgyfzSnpc8fRnG0ygzuf\/view?usp=sharing\" target=\"_blank\" rel=\"noopener\">Compte-rendu du 17 mars<\/a><\/li>\n<\/ul>\n<hr \/>\n<ul>\n<li><a href=\"https:\/\/drive.google.com\/file\/d\/11ypZrlZsxP8LVfty5d3ZBkG4EI7p_kso\/view?usp=sharing\" target=\"_blank\" rel=\"noopener\">Compte-rendu du 24 f\u00e9vrier<\/a><\/li>\n<\/ul>\n<hr \/>\n<ul>\n<li><a href=\"https:\/\/drive.google.com\/file\/d\/1aueAjfqmOhxlFDrf8JAo0VXWf9jpOEbK\/view?usp=sharing\" target=\"_blank\" rel=\"noopener\">Compte-rendu du 27 janvier<\/a><\/li>\n<\/ul>\n","protected":false},"excerpt":{"rendered":"<p>Surlign\u00e9es en jaune, nos interventions&#8230; (Attention les documents sont parfois long \u00e0 t\u00e9l\u00e9charger) &nbsp; Compte-rendu du 15 d\u00e9cembre Compte-rendu du 17 novembre Compte-rendu du 20 octobre Compte-rendu du 15 septembre Compte-rendu du 7 juillet Compte-rendu du 16 juin Compte-rendu du 19 mai Compte-rendu du 28 avril Compte-rendu du 17 mars Compte-rendu du 24 f\u00e9vrier Compte-rendu [&hellip;]<\/p>\n","protected":false},"author":2,"featured_media":2337,"parent":0,"menu_order":0,"comment_status":"closed","ping_status":"closed","template":"","meta":{"inline_featured_image":false,"ocean_post_layout":"","ocean_both_sidebars_style":"","ocean_both_sidebars_content_width":0,"ocean_both_sidebars_sidebars_width":0,"ocean_sidebar":"","ocean_second_sidebar":"","ocean_disable_margins":"enable","ocean_add_body_class":"","ocean_shortcode_before_top_bar":"","ocean_shortcode_after_top_bar":"","ocean_shortcode_before_header":"","ocean_shortcode_after_header":"","ocean_has_shortcode":"","ocean_shortcode_after_title":"","ocean_shortcode_before_footer_widgets":"","ocean_shortcode_after_footer_widgets":"","ocean_shortcode_before_footer_bottom":"","ocean_shortcode_after_footer_bottom":"","ocean_display_top_bar":"default","ocean_display_header":"default","ocean_header_style":"","ocean_center_header_left_menu":"","ocean_custom_header_template":"","ocean_custom_logo":0,"ocean_custom_retina_logo":0,"ocean_custom_logo_max_width":0,"ocean_custom_logo_tablet_max_width":0,"ocean_custom_logo_mobile_max_width":0,"ocean_custom_logo_max_height":0,"ocean_custom_logo_tablet_max_height":0,"ocean_custom_logo_mobile_max_height":0,"ocean_header_custom_menu":"","ocean_menu_typo_font_family":"","ocean_menu_typo_font_subset":"","ocean_menu_typo_font_size":0,"ocean_menu_typo_font_size_tablet":0,"ocean_menu_typo_font_size_mobile":0,"ocean_menu_typo_font_size_unit":"px","ocean_menu_typo_font_weight":"","ocean_menu_typo_font_weight_tablet":"","ocean_menu_typo_font_weight_mobile":"","ocean_menu_typo_transform":"","ocean_menu_typo_transform_tablet":"","ocean_menu_typo_transform_mobile":"","ocean_menu_typo_line_height":0,"ocean_menu_typo_line_height_tablet":0,"ocean_menu_typo_line_height_mobile":0,"ocean_menu_typo_line_height_unit":"","ocean_menu_typo_spacing":0,"ocean_menu_typo_spacing_tablet":0,"ocean_menu_typo_spacing_mobile":0,"ocean_menu_typo_spacing_unit":"","ocean_menu_link_color":"","ocean_menu_link_color_hover":"","ocean_menu_link_color_active":"","ocean_menu_link_background":"","ocean_menu_link_hover_background":"","ocean_menu_link_active_background":"","ocean_menu_social_links_bg":"","ocean_menu_social_hover_links_bg":"","ocean_menu_social_links_color":"","ocean_menu_social_hover_links_color":"","ocean_disable_title":"default","ocean_disable_heading":"default","ocean_post_title":"","ocean_post_subheading":"","ocean_post_title_style":"","ocean_post_title_background_color":"","ocean_post_title_background":0,"ocean_post_title_bg_image_position":"","ocean_post_title_bg_image_attachment":"","ocean_post_title_bg_image_repeat":"","ocean_post_title_bg_image_size":"","ocean_post_title_height":0,"ocean_post_title_bg_overlay":0.5,"ocean_post_title_bg_overlay_color":"","ocean_disable_breadcrumbs":"default","ocean_breadcrumbs_color":"","ocean_breadcrumbs_separator_color":"","ocean_breadcrumbs_links_color":"","ocean_breadcrumbs_links_hover_color":"","ocean_display_footer_widgets":"default","ocean_display_footer_bottom":"default","ocean_custom_footer_template":"","footnotes":""},"class_list":["post-2327","page","type-page","status-publish","has-post-thumbnail","hentry","entry","has-media"],"_links":{"self":[{"href":"http:\/\/alternativescoutances.fr\/index.php\/wp-json\/wp\/v2\/pages\/2327","targetHints":{"allow":["GET"]}}],"collection":[{"href":"http:\/\/alternativescoutances.fr\/index.php\/wp-json\/wp\/v2\/pages"}],"about":[{"href":"http:\/\/alternativescoutances.fr\/index.php\/wp-json\/wp\/v2\/types\/page"}],"author":[{"embeddable":true,"href":"http:\/\/alternativescoutances.fr\/index.php\/wp-json\/wp\/v2\/users\/2"}],"replies":[{"embeddable":true,"href":"http:\/\/alternativescoutances.fr\/index.php\/wp-json\/wp\/v2\/comments?post=2327"}],"version-history":[{"count":15,"href":"http:\/\/alternativescoutances.fr\/index.php\/wp-json\/wp\/v2\/pages\/2327\/revisions"}],"predecessor-version":[{"id":2560,"href":"http:\/\/alternativescoutances.fr\/index.php\/wp-json\/wp\/v2\/pages\/2327\/revisions\/2560"}],"wp:featuredmedia":[{"embeddable":true,"href":"http:\/\/alternativescoutances.fr\/index.php\/wp-json\/wp\/v2\/media\/2337"}],"wp:attachment":[{"href":"http:\/\/alternativescoutances.fr\/index.php\/wp-json\/wp\/v2\/media?parent=2327"}],"curies":[{"name":"wp","href":"https:\/\/api.w.org\/{rel}","templated":true}]}}